{"id":1167,"date":"2026-02-11T18:28:50","date_gmt":"2026-02-11T17:28:50","guid":{"rendered":"https:\/\/www.museeducycle.fr\/?page_id=1167"},"modified":"2026-04-30T08:01:44","modified_gmt":"2026-04-30T06:01:44","slug":"plein-dinfos-utiles","status":"publish","type":"page","link":"https:\/\/www.museeducycle.fr\/?page_id=1167","title":{"rendered":"Petites infos utiles"},"content":{"rendered":"\n<div class=\"wp-block-columns is-layout-flex wp-container-core-columns-is-layout-9d6595d7 wp-block-columns-is-layout-flex\">\n<div class=\"wp-block-column is-layout-flow wp-block-column-is-layout-flow\" style=\"flex-basis:33.33%\">\n<p class=\"txtart-p\">\n<span style=\"font:bold 22px 'perso1','Arial';line-height:2;\">Pour nous contacter<\/span>\n<br>Mus\u00e9e Comtadin du Cycle<br>23 place de la Juiverie<br>84210 Pernes les fontaines\n<br><img decoding=\"async\" src=\"wp-content\/uploads\/mail.png\" style=\"width:auto;\">\n<\/p>\n<\/div>\n\n\n\n<div class=\"wp-block-column is-layout-flow wp-block-column-is-layout-flow\" style=\"flex-basis:66.66%\">\n<p class=\"txtart-p\">\n<span style=\"font:bold 22px 'perso1','Arial';line-height:2;\">Liens<\/span>\n<br><a href=\"https:\/\/porteduventoux.com\/pernes\" style=\"text-decoration:none;line-height:1.5;\" target=\"_blank\">Office du Tourisme de Pernes<\/a>\n<br><a href=\"https:\/\/www.perneslesfontaines.fr\" style=\"text-decoration:none;line-height:1.5;\" target=\"_blank\">Ville de Pernes les Fontaines<\/a>\n<br><a href=\"https:\/\/www.meteociel.fr\/previsions-arome-1h\/31107\/pernes_les_fontaines.htm\" style=\"text-decoration:none;line-height:1.5;\" target=\"_blank\">M\u00e9t\u00e9o Pernes les Fontaines<\/a>\n<br><a href=\"https:\/\/ffvelo.fr\/\" style=\"text-decoration:none;line-height:1.5;\" target=\"_blank\">F\u00e9d\u00e9ration Fran\u00e7aise de Cyclotourisme<\/a>\n<br><a href=\"https:\/\/mai.saint-etienne.fr\/decouvrir\/musee\/parcours-de-visites\/parcours-cycles\" style=\"text-decoration:none;line-height:1.5;\" target=\"_blank\">Mus\u00e9e du Cycle de Saint Etienne<\/a>\n<\/p>\n<\/div>\n<\/div>\n\n\n\n<p><\/p>\n\n\n\n<div class=\"wp-block-columns is-layout-flex wp-container-core-columns-is-layout-9d6595d7 wp-block-columns-is-layout-flex\">\n<div class=\"wp-block-column is-layout-flow wp-block-column-is-layout-flow\" style=\"flex-basis:66.66%\">\n<p class=\"txtart-p\">\n<span style=\"font:bold 22px 'perso1','Arial';line-height:2;\">Amis cyclotouristes<\/span>\n<br>Pour tous les cyclos adeptes des fl\u00e8ches et traces FFCT, nous pouvons apposer sur votre carte de route notre tampon  original du Mus\u00e9e Comtadin du Cycle.\n<\/p>\n<\/div>\n\n\n\n<div class=\"wp-block-column is-layout-flow wp-block-column-is-layout-flow\" style=\"flex-basis:33.33%\">\n<p class=\"txtart-p\">\n<\/p>\n<\/div>\n<\/div>\n\n\n\n<p><\/p>\n\n\n\n<div class=\"wp-block-columns is-layout-flex wp-container-core-columns-is-layout-9d6595d7 wp-block-columns-is-layout-flex\">\n<div class=\"wp-block-column is-layout-flow wp-block-column-is-layout-flow\" style=\"flex-basis:50%\">\n<p class=\"txtart-p\">\n  <span style=\"font:bold 22px 'perso1','Arial';line-height:2;\">Bureau de l&rsquo;Association<\/span>\n<br>Pr\u00e9sident : Pierre Gabert\n<br>Vice-Pr\u00e9sident : Alain De Haro\n<br>Secr\u00e9taire : Jean-Luc Chevreau\n<br>Tr\u00e9sorier : Claude Barsotti\n<br>\n<\/p>\n<\/div>\n\n\n\n<div class=\"wp-block-column is-layout-flow wp-block-column-is-layout-flow\" style=\"flex-basis:50%\">\n<p class=\"txtart-p\">\n  <span style=\"font:bold 22px 'perso1','Arial';line-height:2;\">R\u00e9serv\u00e9 aux adh\u00e9rents<\/span>\n  <!--<br><u>R\u00e9union des membres du C.A au Mus\u00e9e<\/u> :\n  <span style=\"font:normal 18px 'perso1','Arial';line-height:1.3;color:#396;\">\n  <br>Samedi 28 f\u00e9vrier \u00e0 17h00\n  <br><br>&nbsp;-->\n  <\/span>\n  <br><u>Inauguration de l&rsquo;exposition 2026<\/u> : \n  <span style=\"font:normal 18px 'perso1','Arial';line-height:1.3;color:#396;\">\n  <br>mardi 19 mai \u00e0 18h00 &nbsp;<i><\/i>\n  <br>&nbsp;\n  <\/span>\n  <br><u>La nuit des Mus\u00e9es<\/u> : \n  <span style=\"font:normal 18px 'perso1','Arial';line-height:1.3;color:#396;\">\n  <br>samedi 23 mai de 20h00 \u00e0 23h00 &nbsp;<i><\/i>\n  <br>&nbsp;\n  <\/span>\n  <br><u>Prochains inventaires (14h00 &#8211; 16h00)<\/u> : \n  <span style=\"font:normal 18px 'perso1','Arial';line-height:1.3;color:#396;\">\n  <br>pas de dates pour l&rsquo;instant\n  <br>&nbsp;\n  <\/span>\n<\/p>\n<\/div>\n<\/div>\n\n\n\n<p><\/p>\n\n\n\n<p class=\"txtart-p\">\n  <span style=\"font:bold 22px 'perso1','Arial';line-height:2;color:#OOO;\">Site internet<\/span>\n<br>Administration serveur et r\u00e9seau : Xavier&nbsp;Petit\n<br>Gestion et mise en forme des contenus : Jean-Luc&nbsp;Chevreau\n<br>Derni\u00e8re mise \u00e0 jour : 30\/04\/2026\n<\/p>\n","protected":false},"excerpt":{"rendered":"<p>Pour nous contacter Mus\u00e9e Comtadin du Cycle23 place de la Juiverie84210 Pernes les fontaines Liens Office du Tourisme de Pernes Ville de Pernes les Fontaines M\u00e9t\u00e9o Pernes les Fontaines F\u00e9d\u00e9ration Fran\u00e7aise de Cyclotourisme Mus\u00e9e du Cycle de Saint Etienne Amis cyclotouristes Pour tous les cyclos adeptes des fl\u00e8ches et traces FFCT, nous pouvons apposer sur<\/p>\n<p class=\"more-link\"><a href=\"https:\/\/www.museeducycle.fr\/?page_id=1167\" class=\"themebutton\">Read More<\/a><\/p>\n","protected":false},"author":2,"featured_media":0,"parent":0,"menu_order":0,"comment_status":"closed","ping_status":"closed","template":"","meta":{"footnotes":""},"class_list":["post-1167","page","type-page","status-publish","hentry"],"_links":{"self":[{"href":"https:\/\/www.museeducycle.fr\/index.php?rest_route=\/wp\/v2\/pages\/1167","targetHints":{"allow":["GET"]}}],"collection":[{"href":"https:\/\/www.museeducycle.fr\/index.php?rest_route=\/wp\/v2\/pages"}],"about":[{"href":"https:\/\/www.museeducycle.fr\/index.php?rest_route=\/wp\/v2\/types\/page"}],"author":[{"embeddable":true,"href":"https:\/\/www.museeducycle.fr\/index.php?rest_route=\/wp\/v2\/users\/2"}],"replies":[{"embeddable":true,"href":"https:\/\/www.museeducycle.fr\/index.php?rest_route=%2Fwp%2Fv2%2Fcomments&post=1167"}],"version-history":[{"count":55,"href":"https:\/\/www.museeducycle.fr\/index.php?rest_route=\/wp\/v2\/pages\/1167\/revisions"}],"predecessor-version":[{"id":1376,"href":"https:\/\/www.museeducycle.fr\/index.php?rest_route=\/wp\/v2\/pages\/1167\/revisions\/1376"}],"wp:attachment":[{"href":"https:\/\/www.museeducycle.fr\/index.php?rest_route=%2Fwp%2Fv2%2Fmedia&parent=1167"}],"curies":[{"name":"wp","href":"https:\/\/api.w.org\/{rel}","templated":true}]}}