{"id":311,"date":"2025-05-21T19:44:22","date_gmt":"2025-05-21T17:44:22","guid":{"rendered":"https:\/\/www.museeducycle.fr\/?page_id=311"},"modified":"2026-04-20T08:37:57","modified_gmt":"2026-04-20T06:37:57","slug":"100-ans-du-velo-de-courses","status":"publish","type":"page","link":"https:\/\/www.museeducycle.fr\/?page_id=311","title":{"rendered":"Actualit\u00e9s et Archives"},"content":{"rendered":"\n<a href=\"wp-content\/uploads\/video1.mp4\">\n<img decoding=\"async\" src=\"wp-content\/uploads\/affx5.jpg\" style=\"width:100%;\">\n<\/a>\ncliquez sur le bandeau d&rsquo;affiches ci-dessus &nbsp;<img decoding=\"async\" src=\"wp-content\/uploads\/emoji1.jpg\" style=\"width:40px;vertical-align:middle;\">\n<p class=\"txtart-p\" style=\"font-size:18px;line-height:1.6;\"><br>Comme chaque ann\u00e9e, dans une des salles du Mus\u00e9e, nous vous proposons une nouvelle exposition temporaire. Pour la saison 2026, le&nbsp;th\u00e8me&nbsp;en&nbsp;est&nbsp;:<\/p>\n<h2><span style=\"font-size:28px;font-weight:600;\"> Les v\u00e9los &nbsp; \u00ab\u00a0Peugeot\u00a0\u00bb &ensp; au fil du temps<\/span>.<\/h2>\n<p class=\"txtart-p\" style=\"font-size:18px;line-height:1.6;\">\nVenez d\u00e9couvrir des v\u00e9los \u00ab\u00a0Peugeot\u00a0\u00bb de diverses \u00e9poques mais aussi des affiches, des maillots et d&rsquo;autres objets en rapport avec ce th\u00e8me.\n  <div class=\"defilH\" style=\"width:98%;height:auto%;margin-bottom:5px;\">\n      <div class=\"defilHimg\"><img decoding=\"async\" style=\"margin-bottom:10px;\" src=\"wp-content\/uploads\/expo2026-1.jpg\"><\/div>\n      <div class=\"defilHimg\"><img decoding=\"async\" style=\"margin-bottom:10px;\" src=\"wp-content\/uploads\/expo2026-2.jpg\"><\/div>\n      <div class=\"defilHimg\"><img decoding=\"async\" style=\"margin-bottom:10px;\" src=\"wp-content\/uploads\/expo2026-3.jpg\"><\/div>\n      <div class=\"defilHimg\"><img decoding=\"async\" style=\"margin-bottom:10px;\" src=\"wp-content\/uploads\/expo2026-4.jpg\"><\/div>\n  <\/div>\n  <p class=\"txtart-p\" style=\"padding:0 10px;font-size:10px;font-style:italic;\">\n    swiper pour voir les images suivantes &#8230;\n  <\/p>\n<img decoding=\"async\" style=\"margin-bottom:10px;width:35%;\" src=\"wp-content\/uploads\/expo2026-5.jpg\">\n<img decoding=\"async\" style=\"margin-bottom:10px;width:50%;\" src=\"wp-content\/uploads\/expo2026-7.jpg\">\n<img decoding=\"async\" style=\"margin-bottom:10px;width:45%;\" src=\"wp-content\/uploads\/expo2026-6.jpg\">\n<img decoding=\"async\" style=\"margin-bottom:10px;width:45.5%;\" src=\"wp-content\/uploads\/expo2026-8.jpg\">\n<\/p>\n\n\n\n<div style=\"height:50px;\">&nbsp;<hr><\/div>\n\n\n\n<div style=\"margin-bottom:10px;\">\n<h1 style=\"margin:0;padding:0;\"><strong>Archive 2025<\/strong><\/h1>\n<\/div>\n\n\n\n<div class=\"wp-block-columns is-layout-flex wp-container-core-columns-is-layout-9d6595d7 wp-block-columns-is-layout-flex\">\n<div class=\"wp-block-column is-layout-flow wp-block-column-is-layout-flow\" style=\"flex-basis:50%\">\n<img decoding=\"async\" src=\"wp-content\/uploads\/expo2025aff.jpg\" style=\"width:70%;float:center;\">\n<\/div>\n\n\n\n<div class=\"wp-block-column is-layout-flow wp-block-column-is-layout-flow\">\n<p class=\"txtart-p\" style=\"line-height:1.6; float:left;\">\nEn 2025, le Mus\u00e9e Comtadin du Cycle a pr\u00e9sent\u00e9 une exposition ayant pour th\u00e8me \u2018\u2019100 ans de v\u00e9los de course\u2019\u2019 de fabrication fran\u00e7aise.\n\nC\u2019\u00e9tait une r\u00e9trospective de l\u2019\u00e9volution technique du deux roues que vous avez pu d\u00e9couvrir avec les premiers v\u00e9los de course aux roues \u00e0 bandage et d\u2019un poids de 27 kg, jusqu\u2019aux plus r\u00e9cents coursiers tout en carbone d\u2019\u00e0 peine 9kg.\n\nVous avez pu constater les progr\u00e8s r\u00e9alis\u00e9s pour rendre la pratique du v\u00e9lo toujours plus s\u00fbre mais aussi plus agr\u00e9able et appr\u00e9cier l\u2019ing\u00e9niosit\u00e9 et le savoir faire des constructeurs des diff\u00e9rentes \u00e9poques parmi lesquels notre Paul de Vivie.\n<\/p>\n<\/div>\n<\/div>\n\n\n\n<p><\/p>\n","protected":false},"excerpt":{"rendered":"<p>cliquez sur le bandeau d&rsquo;affiches ci-dessus &nbsp; Comme chaque ann\u00e9e, dans une des salles du Mus\u00e9e, nous vous proposons une nouvelle exposition temporaire. Pour la saison 2026, le&nbsp;th\u00e8me&nbsp;en&nbsp;est&nbsp;: Les v\u00e9los &nbsp; \u00ab\u00a0Peugeot\u00a0\u00bb &ensp; au fil du temps. Venez d\u00e9couvrir des v\u00e9los \u00ab\u00a0Peugeot\u00a0\u00bb de diverses \u00e9poques mais aussi des affiches, des maillots et d&rsquo;autres objets en<\/p>\n<p class=\"more-link\"><a href=\"https:\/\/www.museeducycle.fr\/?page_id=311\" class=\"themebutton\">Read More<\/a><\/p>\n","protected":false},"author":2,"featured_media":0,"parent":0,"menu_order":0,"comment_status":"closed","ping_status":"closed","template":"","meta":{"footnotes":""},"class_list":["post-311","page","type-page","status-publish","hentry"],"_links":{"self":[{"href":"https:\/\/www.museeducycle.fr\/index.php?rest_route=\/wp\/v2\/pages\/311","targetHints":{"allow":["GET"]}}],"collection":[{"href":"https:\/\/www.museeducycle.fr\/index.php?rest_route=\/wp\/v2\/pages"}],"about":[{"href":"https:\/\/www.museeducycle.fr\/index.php?rest_route=\/wp\/v2\/types\/page"}],"author":[{"embeddable":true,"href":"https:\/\/www.museeducycle.fr\/index.php?rest_route=\/wp\/v2\/users\/2"}],"replies":[{"embeddable":true,"href":"https:\/\/www.museeducycle.fr\/index.php?rest_route=%2Fwp%2Fv2%2Fcomments&post=311"}],"version-history":[{"count":92,"href":"https:\/\/www.museeducycle.fr\/index.php?rest_route=\/wp\/v2\/pages\/311\/revisions"}],"predecessor-version":[{"id":1363,"href":"https:\/\/www.museeducycle.fr\/index.php?rest_route=\/wp\/v2\/pages\/311\/revisions\/1363"}],"wp:attachment":[{"href":"https:\/\/www.museeducycle.fr\/index.php?rest_route=%2Fwp%2Fv2%2Fmedia&parent=311"}],"curies":[{"name":"wp","href":"https:\/\/api.w.org\/{rel}","templated":true}]}}