{"id":795,"date":"2026-02-01T09:55:34","date_gmt":"2026-02-01T08:55:34","guid":{"rendered":"https:\/\/www.museeducycle.fr\/?page_id=795"},"modified":"2026-02-11T08:51:02","modified_gmt":"2026-02-11T07:51:02","slug":"gros-plan-sur","status":"publish","type":"page","link":"https:\/\/www.museeducycle.fr\/?page_id=795","title":{"rendered":"Gros plan sur&#8230;"},"content":{"rendered":"\n<img decoding=\"async\" style=\"width:100%;margin: 20px 0 5px 10px;\" src=\"wp-content\/uploads\/acatene1.jpg\">\n\n\n\n<h3 class=\"titart\">Le v\u00e9lo Acat\u00e8ne:<\/h3>\n  <p class=\"txtart-p\">\n      <strong>\u00ab\u00a0Acat\u00e8ne\u00a0\u00bb<\/strong> qui se traduit par \u00ab\u00a0sans cha\u00eene\u00a0\u00bb, est le nom d&rsquo;une marque de bicyclette commercialis\u00e9e par la compagnie parisienne La M\u00e9tropole \u00e0 partir du milieu des ann\u00e9es 1890.\n\t\t<br>\u00c0 cette p\u00e9riode, les constructeurs se livrent \u00e0 une v\u00e9ritable guerre des cha\u00eenes, depuis que Henry J. Lawson a pr\u00e9sent\u00e9 en 1879 une bicyclette \u00e0 traction arri\u00e8re par cha\u00eene. Mais la solidit\u00e9 fait encore d\u00e9faut \u00e0 ce type de transmission et les fabricants r\u00e9fl\u00e9chissent \u00e0 d&rsquo;autres solutions comme sur ce mod\u00e8le Acat\u00e8ne o\u00f9 la roue arri\u00e8re est entra\u00een\u00e9e par un jeu d&rsquo;engrenages coniques.\n\t\t<br>Le syst\u00e8me obtient un certain succ\u00e8s dans les courses en 1897 et 1898, mais il s&rsquo;av\u00e8re cependant \u00e0 la fois tr\u00e8s co\u00fbteux et moins efficace au d\u00e9marrage et en c\u00f4te que les bicyclettes \u00e0 cha\u00eene, technologie encore utilis\u00e9e sur les cycles modernes en raison de sa facilit\u00e9 d&rsquo;entretien et de sa robustesse.\n  <\/p>\n\n\n\n<div class=\"wp-block-columns is-layout-flex wp-container-core-columns-is-layout-9d6595d7 wp-block-columns-is-layout-flex\">\n<div class=\"wp-block-column is-layout-flow wp-block-column-is-layout-flow\" style=\"flex-basis:66.66%\">\n<img decoding=\"async\" style=\"width:80%;margin: 20px 0 5px 10px;\" src=\"wp-content\/uploads\/acatene3.jpg\">\n<\/div>\n\n\n\n<div class=\"wp-block-column is-layout-flow wp-block-column-is-layout-flow\" style=\"flex-basis:33.33%\">\n<img decoding=\"async\" style=\"width:100%;margin: 20px 0 5px 10px;\" src=\"wp-content\/uploads\/acatene4.jpg\">\n<\/div>\n<\/div>\n\n\n\n<p class=\"txtart-p\">\nDans un v\u00e9lo \u00ab\u00a0Acat\u00e8ne\u00a0\u00bb, comme le montre l&rsquo;image ci-dessus, la transmission fonctionne gr\u00e2ce \u00e0 deux engrenages, l&rsquo;un dans le bo\u00eetier de p\u00e9dalier et l&rsquo;autre au niveau du moyeu arri\u00e8re. Un arbre de transmission les relie permettant de faire tourner les roues quand on actionne les p\u00e9dales.\n<br>Le coureur Gaston Rivierre emporta \u00e0 deux reprises Bordeaux-Paris sur un Acat\u00e8ne \u00ab\u00a0Omega\u00a0\u00bb. A noter que sur cette distance, l&rsquo;usure rapide des engrenages l&rsquo;obligeait \u00e0 changer une douzaine de fois de v\u00e9lo.\n<br>Tr\u00e8s complexe, d\u00e9licate, relativement lourde, cette transmission ne permettait pas ais\u00e9ment un changement de vitesse et ne pouvait contenir une roue libre, ce syst\u00e8me disparut pour laisser place de nouveau \u00e0 la transmission par cha\u00eene.\n<\/p>\n\n\n\n<div class=\"wp-block-columns is-layout-flex wp-container-core-columns-is-layout-9d6595d7 wp-block-columns-is-layout-flex\">\n<div class=\"wp-block-column is-layout-flow wp-block-column-is-layout-flow\" style=\"flex-basis:66.66%\">\n<p class=\"txtart-p\">\n<br>Cependant, ce proc\u00e9d\u00e9 est toujours d&rsquo;actualit\u00e9. La transmission par cha\u00eene \u00e9tant le \u00ab\u00a0maillon faible\u00a0\u00bb du v\u00e9lo, toutes les technologies qui permettraient de trouver un syst\u00e8me plus fiable, plus r\u00e9sistant, avec aucune perte d&rsquo;\u00e9nergie sont \u00e0 l&rsquo;\u00e9tude.\n<br><br>\nPour un v\u00e9lo, les avantages du cardan sont nombreux : plus grande long\u00e9vit\u00e9, entretien simplifi\u00e9 (les pi\u00e8ces ne sont pas \u00e0 l&rsquo;air libre), moins de risques de salissure. Les inconv\u00e9nients le sont \u00e9galement, le syst\u00e8me est plus lourd et n&rsquo;est compatible qu&rsquo;avec un syst\u00e8me de vitesses dans le moyeu, de type Nexus, et le rendement n&rsquo;est pas satisfaisant. Ajoutez \u00e0 cela des probl\u00e8mes de fiabilit\u00e9, si le cardan n&rsquo;\u00e9tait pas ajust\u00e9 au millim\u00e8tre.\n<br>De nos jour, l&rsquo;entreprise fran\u00e7aise \u00ab\u00a0Unicy\u00a0\u00bb tente de lever tous ces obstacles en brevetant en particulier une nouvelle forme d&rsquo;engrenages.\n<\/p>\n<\/div>\n\n\n\n<div class=\"wp-block-column is-layout-flow wp-block-column-is-layout-flow\" style=\"flex-basis:33.33%\">\n<img decoding=\"async\" style=\"width:100%;margin: 20px 0 5px 10px;\" src=\"wp-content\/uploads\/acatene2.jpg\">\n<\/div>\n<\/div>\n\n\n\n<div class=\"wp-block-columns is-layout-flex wp-container-core-columns-is-layout-9d6595d7 wp-block-columns-is-layout-flex\">\n<div class=\"wp-block-column is-layout-flow wp-block-column-is-layout-flow\"><\/div>\n<\/div>\n","protected":false},"excerpt":{"rendered":"<p>Le v\u00e9lo Acat\u00e8ne: \u00ab\u00a0Acat\u00e8ne\u00a0\u00bb qui se traduit par \u00ab\u00a0sans cha\u00eene\u00a0\u00bb, est le nom d&rsquo;une marque de bicyclette commercialis\u00e9e par la compagnie parisienne La M\u00e9tropole \u00e0 partir du milieu des ann\u00e9es 1890. \u00c0 cette p\u00e9riode, les constructeurs se livrent \u00e0 une v\u00e9ritable guerre des cha\u00eenes, depuis que Henry J. Lawson a pr\u00e9sent\u00e9 en 1879 une bicyclette<\/p>\n<p class=\"more-link\"><a href=\"https:\/\/www.museeducycle.fr\/?page_id=795\" class=\"themebutton\">Read More<\/a><\/p>\n","protected":false},"author":2,"featured_media":0,"parent":0,"menu_order":0,"comment_status":"closed","ping_status":"closed","template":"","meta":{"footnotes":""},"class_list":["post-795","page","type-page","status-publish","hentry"],"_links":{"self":[{"href":"https:\/\/www.museeducycle.fr\/index.php?rest_route=\/wp\/v2\/pages\/795","targetHints":{"allow":["GET"]}}],"collection":[{"href":"https:\/\/www.museeducycle.fr\/index.php?rest_route=\/wp\/v2\/pages"}],"about":[{"href":"https:\/\/www.museeducycle.fr\/index.php?rest_route=\/wp\/v2\/types\/page"}],"author":[{"embeddable":true,"href":"https:\/\/www.museeducycle.fr\/index.php?rest_route=\/wp\/v2\/users\/2"}],"replies":[{"embeddable":true,"href":"https:\/\/www.museeducycle.fr\/index.php?rest_route=%2Fwp%2Fv2%2Fcomments&post=795"}],"version-history":[{"count":26,"href":"https:\/\/www.museeducycle.fr\/index.php?rest_route=\/wp\/v2\/pages\/795\/revisions"}],"predecessor-version":[{"id":1344,"href":"https:\/\/www.museeducycle.fr\/index.php?rest_route=\/wp\/v2\/pages\/795\/revisions\/1344"}],"wp:attachment":[{"href":"https:\/\/www.museeducycle.fr\/index.php?rest_route=%2Fwp%2Fv2%2Fmedia&parent=795"}],"curies":[{"name":"wp","href":"https:\/\/api.w.org\/{rel}","templated":true}]}}