{"id":923,"date":"2026-02-03T18:23:53","date_gmt":"2026-02-03T17:23:53","guid":{"rendered":"https:\/\/www.museeducycle.fr\/?page_id=923"},"modified":"2026-04-14T08:14:35","modified_gmt":"2026-04-14T06:14:35","slug":"publications","status":"publish","type":"page","link":"https:\/\/www.museeducycle.fr\/?page_id=923","title":{"rendered":"Nos Publications"},"content":{"rendered":"\n<div class=\"wp-block-columns is-layout-flex wp-container-core-columns-is-layout-9d6595d7 wp-block-columns-is-layout-flex\">\n<div class=\"wp-block-column is-layout-flow wp-block-column-is-layout-flow\" style=\"flex-basis:33.33%\">\n<h3 class=\"titart\">Livret paru en 2017 (35 pages)<\/h3>\n<p class=\"txtart-p\"\">\n<br>Gr\u00e2ce \u00e0 ce livret, le visiteur quel que soit sa curiosit\u00e9 ou son \u00e2ge, pourra mieux appr\u00e9cier les pi\u00e8ces uniques pr\u00e9sent\u00e9es dans notre mus\u00e9e, mieux les comprendre et peut \u00eatre se les approprier.\n<br>Chacun reconna\u00eetra le g\u00e9nie cr\u00e9atif de nos ain\u00e9s parmi lesquels figure le pernois Paul de Vivie.\n<\/p>\n<p class=\"txtart-p\" style=\"text-decoration-line:underline;\">\nEn vente \u00e0 l&rsquo;entr\u00e9e du mus\u00e9e.\n<\/p>\n<\/div>\n\n\n\n<div class=\"wp-block-column is-layout-flow wp-block-column-is-layout-flow\" style=\"flex-basis:66.66%\">\n<div class=\"defilH\" style=\"width:95%;max-width:350px;\">\n  <div class=\"defilHimg\"><img decoding=\"async\" src=\"wp-content\/uploads\/livret01-1.jpg\" style=\"\"><\/div>\n  <div class=\"defilHimg\"><img decoding=\"async\" src=\"wp-content\/uploads\/livret01-2.jpg\" style=\"\"><\/div>\n  <div class=\"defilHimg\"><img decoding=\"async\" src=\"wp-content\/uploads\/livret01-3.jpg\" style=\"\"><\/div>\n  <div class=\"defilHimg\"><img decoding=\"async\" src=\"wp-content\/uploads\/livret01-4.jpg\" style=\"\"><\/div>\n  <div class=\"defilHimg\"><img decoding=\"async\" src=\"wp-content\/uploads\/livret01-5.jpg\" style=\"\"><\/div>\n  <\/div>\n  <p class=\"txtart-p\" style=\"padding:0 10px;font-size:10px;font-style:italic;\">\n   swiper pour voir les images suivantes &#8230;\n  <\/p>\n<\/div>\n<\/div>\n\n\n\n<div class=\"wp-block-columns is-layout-flex wp-container-core-columns-is-layout-9d6595d7 wp-block-columns-is-layout-flex\">\n<div class=\"wp-block-column is-layout-flow wp-block-column-is-layout-flow\" style=\"flex-basis:33.33%\">\n<h3 class=\"titart\"><br>Livret paru en 2026 (28 pages)<\/h3>\n<p class=\"txtart-p\"\">\n<br>Gr\u00e2ce \u00e0 ce livret, Vous d\u00e9couvrirez le parcours de Paul de Vivie (dit V\u00e9locio), n\u00e9 \u00e0 Pernes les Fontaines, qui sera \u00e0 l&rsquo;origine du Cyclotourisme et sera l&rsquo;un des plus prolifiques inventeurs des syst\u00e8mes de changement de vitesse.\n<\/p>\n<p class=\"txtart-p\" style=\"text-decoration-line:underline;\">\nEn vente \u00e0 l&rsquo;entr\u00e9e du mus\u00e9e.\n<\/p>\n<\/div>\n\n\n\n<div class=\"wp-block-column is-layout-flow wp-block-column-is-layout-flow\" style=\"flex-basis:66.66%\";>\n<div class=\"defilH\" style=\"width:95%;max-width:350px;\">\n  <br><div class=\"defilHimg\"><img decoding=\"async\" src=\"wp-content\/uploads\/livret02-1.jpg\" style=\"\"><\/div>\n  <div class=\"defilHimg\"><img decoding=\"async\" src=\"wp-content\/uploads\/livret02-2.jpg\" style=\"\"><\/div>\n  <div class=\"defilHimg\"><img decoding=\"async\" src=\"wp-content\/uploads\/livret02-3.jpg\" style=\"\"><\/div>\n  <div class=\"defilHimg\"><img decoding=\"async\" src=\"wp-content\/uploads\/livret02-4.jpg\" style=\"\"><\/div>\n  <div class=\"defilHimg\"><img decoding=\"async\" src=\"wp-content\/uploads\/livret02-5.jpg\" style=\"\"><\/div>\n  <\/div>\n  <p class=\"txtart-p\" style=\"padding:0 10px;font-size:10px;font-style:italic;\">\n   swiper pour voir les images suivantes &#8230;\n  <\/p>\n<\/div>\n<\/div>\n","protected":false},"excerpt":{"rendered":"<p>Livret paru en 2017 (35 pages) Gr\u00e2ce \u00e0 ce livret, Vous d\u00e9couvrirez le parcours de Paul de Vivie (dit V\u00e9locio), n\u00e9 \u00e0 Pernes les Fontaines, qui sera \u00e0 l&rsquo;origine du Cyclotourisme et sera l&rsquo;un des plus prolifiques inventeurs des syst\u00e8mes de changement de vitesse. En vente \u00e0 l&rsquo;entr\u00e9e du mus\u00e9e. swiper pour voir les images<\/p>\n<p class=\"more-link\"><a href=\"https:\/\/www.museeducycle.fr\/?page_id=923\" class=\"themebutton\">Read More<\/a><\/p>\n","protected":false},"author":2,"featured_media":0,"parent":0,"menu_order":0,"comment_status":"closed","ping_status":"closed","template":"","meta":{"footnotes":""},"class_list":["post-923","page","type-page","status-publish","hentry"],"_links":{"self":[{"href":"https:\/\/www.museeducycle.fr\/index.php?rest_route=\/wp\/v2\/pages\/923","targetHints":{"allow":["GET"]}}],"collection":[{"href":"https:\/\/www.museeducycle.fr\/index.php?rest_route=\/wp\/v2\/pages"}],"about":[{"href":"https:\/\/www.museeducycle.fr\/index.php?rest_route=\/wp\/v2\/types\/page"}],"author":[{"embeddable":true,"href":"https:\/\/www.museeducycle.fr\/index.php?rest_route=\/wp\/v2\/users\/2"}],"replies":[{"embeddable":true,"href":"https:\/\/www.museeducycle.fr\/index.php?rest_route=%2Fwp%2Fv2%2Fcomments&post=923"}],"version-history":[{"count":40,"href":"https:\/\/www.museeducycle.fr\/index.php?rest_route=\/wp\/v2\/pages\/923\/revisions"}],"predecessor-version":[{"id":1347,"href":"https:\/\/www.museeducycle.fr\/index.php?rest_route=\/wp\/v2\/pages\/923\/revisions\/1347"}],"wp:attachment":[{"href":"https:\/\/www.museeducycle.fr\/index.php?rest_route=%2Fwp%2Fv2%2Fmedia&parent=923"}],"curies":[{"name":"wp","href":"https:\/\/api.w.org\/{rel}","templated":true}]}}